{"id":11,"date":"2024-04-20T20:38:54","date_gmt":"2024-04-20T20:38:54","guid":{"rendered":"https:\/\/sienabioactive.unisi.it\/?page_id=11"},"modified":"2025-05-02T11:03:47","modified_gmt":"2025-05-02T11:03:47","slug":"home","status":"publish","type":"page","link":"https:\/\/sienabioactive.unisi.it\/?page_id=11&lang=it","title":{"rendered":"Chi siamo"},"content":{"rendered":"\n<p>Siena<em>bio<\/em>ACTIVE \u00e8 uno spin off di bioeconomia del Dipartimento di Eccellenza Biotecnologie Chimica e Farmacia dell\u2019Universit\u00e0 di Siena, un\u2019azienda che fa ricerca e sviluppo nata dalla ricerca scientifica universitaria nel settore Life Sciences.&nbsp;<\/p>\n\n\n\n<p>Il nostro progetto si basa su un approccio combinato, integrato e multidisciplinare volto ad utilizzare scarti e rifiuti per ottenere prodotti bioattivi e nuovi biomateriali, in un\u2019ottica di circolarit\u00e0.<\/p>\n\n\n\n<p>La nostra visione \u00e8 quella dello sviluppo sostenibile e cerchiamo di perseguire il maggior numero di obiettivi tra i 17 proposti dall\u2019ONU. La nostra attivit\u00e0 vuole inserirsi in quella del Green Deal europeo per promuovere l&#8217;uso efficiente delle risorse passando a un&#8217;economia pulita e circolare, preservare e ripristinare la biodiversit\u00e0 e ridurre l&#8217;inquinamento.<\/p>\n\n\n\n<p>Per questo abbiamo deciso di costituirci come <em>benefit company<\/em> e di accompagnare gli obiettivi di profitto con equit\u00e0, sostenibilit\u00e0 ambientale, inclusione, parit\u00e0 di genere.<\/p>\n\n\n\n<p>Nel cuore della Toscana e con la Toscana nel cuore.<\/p>\n\n\n\n<p>Toscani al 100%, siamo integrati in un territorio di cui vogliamo con il nostro lavoro contribuire a crescere e svilupparsi.<\/p>\n\n\n\n<p>La nostra sede \u00e8 ad Arcidosso, sul Monte Amiata, ma la nostra punta operativa tecnologica \u00e8 a Siena, nell\u2019Universit\u00e0 degli Studi.<\/p>\n\n\n\n<p>La collocazione geografica dello spin-off tra le province di Siena e Grosseto punta a coprire due territori strategicamente rilevanti su scala nazionale ed internazionale, rispettivamente il polo farmaceutico e quello agroalimentare, con particolare sensibilit\u00e0 verso la sostenibilit\u00e0 e la bioeconomia. Siena<em>bio<\/em>ACTIVE con la sua attivit\u00e0 mira a porre in sinergia le competenze tematiche e produttive di entrambi i distretti.<\/p>\n\n\n\n<p>I prodotti sono per scelta fortemente legati al nostro territorio (ad esempio la castagna amiatina IGP, le alghe della laguna di Orbetello) perch\u00e9 finalizzati alla valorizzazione del medesimo ed all\u2019identificazione di un <em>brand<\/em> tipicamente toscano.<\/p>\n\n\n\n<p>Offriamo prodotti con caratteristiche assolutamente innovative ma allo stesso tempo fortemente legati al territorio toscano (innovazione + realt\u00e0 geografica; \u2018globale-locale\u2019 <em>glocal<\/em>).<\/p>\n","protected":false},"excerpt":{"rendered":"<p>SienabioACTIVE \u00e8 uno spin off di bioeconomia del Dipartimento di Eccellenza Biotecnologie Chimica e Farmacia dell\u2019Universit\u00e0 di Siena, un\u2019azienda che fa ricerca e sviluppo nata dalla ricerca scientifica universitaria nel settore Life Sciences.&nbsp; Il nostro progetto si basa su un approccio combinato, integrato e multidisciplinare volto ad utilizzare scarti e rifiuti per ottenere prodotti bioattivi &hellip; <\/p>\n<p class=\"link-more\"><a href=\"https:\/\/sienabioactive.unisi.it\/?page_id=11&#038;lang=it\" class=\"more-link\">Continue reading<span class=\"screen-reader-text\"> &#8220;Chi siamo&#8221;<\/span><\/a><\/p>\n","protected":false},"author":1,"featured_media":9,"parent":0,"menu_order":0,"comment_status":"closed","ping_status":"closed","template":"","meta":{"footnotes":""},"class_list":["post-11","page","type-page","status-publish","has-post-thumbnail","hentry"],"_links":{"self":[{"href":"https:\/\/sienabioactive.unisi.it\/index.php?rest_route=\/wp\/v2\/pages\/11","targetHints":{"allow":["GET"]}}],"collection":[{"href":"https:\/\/sienabioactive.unisi.it\/index.php?rest_route=\/wp\/v2\/pages"}],"about":[{"href":"https:\/\/sienabioactive.unisi.it\/index.php?rest_route=\/wp\/v2\/types\/page"}],"author":[{"embeddable":true,"href":"https:\/\/sienabioactive.unisi.it\/index.php?rest_route=\/wp\/v2\/users\/1"}],"replies":[{"embeddable":true,"href":"https:\/\/sienabioactive.unisi.it\/index.php?rest_route=%2Fwp%2Fv2%2Fcomments&post=11"}],"version-history":[{"count":7,"href":"https:\/\/sienabioactive.unisi.it\/index.php?rest_route=\/wp\/v2\/pages\/11\/revisions"}],"predecessor-version":[{"id":160,"href":"https:\/\/sienabioactive.unisi.it\/index.php?rest_route=\/wp\/v2\/pages\/11\/revisions\/160"}],"wp:featuredmedia":[{"embeddable":true,"href":"https:\/\/sienabioactive.unisi.it\/index.php?rest_route=\/wp\/v2\/media\/9"}],"wp:attachment":[{"href":"https:\/\/sienabioactive.unisi.it\/index.php?rest_route=%2Fwp%2Fv2%2Fmedia&parent=11"}],"curies":[{"name":"wp","href":"https:\/\/api.w.org\/{rel}","templated":true}]}}